{"id":3148,"date":"2021-11-10T12:03:59","date_gmt":"2021-11-10T11:03:59","guid":{"rendered":"https:\/\/lazydaisy.eu\/?post_type=product&#038;p=3148"},"modified":"2025-05-20T09:47:09","modified_gmt":"2025-05-20T07:47:09","slug":"sukienka-damska-beauty-spot","status":"publish","type":"product","link":"https:\/\/lazydaisy.eu\/en\/product\/sukienka-damska-beauty-spot\/","title":{"rendered":"Beauty Spot dress"},"content":{"rendered":"<p>Our one and only dress. Olive green with delicate black and white spots. V-neck. Sleeves up to elbows. Zipper on the side. A matching belt. Sewn in Lodz. Made of Spanish fabric. \nPerfect for all seasons. Perfect for all occasions and places. Composition: 100% viscose.<\/p>\n<table cellspacing=\"0\" cellpadding=\"0\">\n<tbody>\n<tr>\n<td valign=\"top\"><\/td>\n<td valign=\"top\">S<\/td>\n<td valign=\"top\">M<\/td>\n<td valign=\"top\">L<\/td>\n<\/tr>\n<tr>\n<td valign=\"top\">Shoulders<span class=\"Apple-converted-space\">\u00a0 <\/span>(cm)<\/td>\n<td valign=\"top\">35<\/td>\n<td valign=\"top\">38<\/td>\n<td valign=\"top\">41<\/td>\n<\/tr>\n<tr>\n<td valign=\"top\"><span class=\"Apple-converted-space\">\u00a0<\/span>Waist (cm)<\/td>\n<td valign=\"top\">36<\/td>\n<td valign=\"top\">42<\/td>\n<td valign=\"top\">49<\/td>\n<\/tr>\n<tr>\n<td valign=\"top\">Length (cm)<\/td>\n<td valign=\"top\">120<\/td>\n<td valign=\"top\">125<\/td>\n<td valign=\"top\">128<\/td>\n<\/tr>\n<\/tbody>\n<\/table>","protected":false},"excerpt":{"rendered":"<p>Nasza jedyna, d\u0142uugo wyczekiwana, d\u0142uga sukienka. Uszyta z wysokiej jako\u015bci, mi\u0119sistej wiskozy. W kolorze oliwkowym; w drobne, bia\u0142e i czarne\u00a0 plamki. Sukienka Beauty&hellip;<\/p>","protected":false},"featured_media":3000,"template":"","meta":[],"product_brand":[],"product_cat":[210],"product_tag":[],"class_list":{"0":"post-3148","1":"product","2":"type-product","3":"status-publish","4":"has-post-thumbnail","6":"product_cat-dla-kobiet","8":"first","9":"instock","10":"shipping-taxable","11":"purchasable","12":"product-type-variable"},"_links":{"self":[{"href":"https:\/\/lazydaisy.eu\/en\/wp-json\/wp\/v2\/product\/3148","targetHints":{"allow":["GET"]}}],"collection":[{"href":"https:\/\/lazydaisy.eu\/en\/wp-json\/wp\/v2\/product"}],"about":[{"href":"https:\/\/lazydaisy.eu\/en\/wp-json\/wp\/v2\/types\/product"}],"wp:featuredmedia":[{"embeddable":true,"href":"https:\/\/lazydaisy.eu\/en\/wp-json\/wp\/v2\/media\/3000"}],"wp:attachment":[{"href":"https:\/\/lazydaisy.eu\/en\/wp-json\/wp\/v2\/media?parent=3148"}],"wp:term":[{"taxonomy":"product_brand","embeddable":true,"href":"https:\/\/lazydaisy.eu\/en\/wp-json\/wp\/v2\/product_brand?post=3148"},{"taxonomy":"product_cat","embeddable":true,"href":"https:\/\/lazydaisy.eu\/en\/wp-json\/wp\/v2\/product_cat?post=3148"},{"taxonomy":"product_tag","embeddable":true,"href":"https:\/\/lazydaisy.eu\/en\/wp-json\/wp\/v2\/product_tag?post=3148"}],"curies":[{"name":"wp","href":"https:\/\/api.w.org\/{rel}","templated":true}]}}