{"id":3154,"date":"2021-11-10T12:24:03","date_gmt":"2021-11-10T11:24:03","guid":{"rendered":"https:\/\/lazydaisy.eu\/?post_type=product&#038;p=3154"},"modified":"2026-04-17T08:10:41","modified_gmt":"2026-04-17T06:10:41","slug":"spodniczka-dziecieca-pink-flowers","status":"publish","type":"product","link":"https:\/\/lazydaisy.eu\/en\/product\/spodniczka-dziecieca-pink-flowers\/","title":{"rendered":"Pink Flowers skirt"},"content":{"rendered":"<p>Skirt for children. Pink with delicate flowers. Elasticated frill waist. Sewn in Lodz. Made of soft Spanish fabric. Composition: 60% cotton, 40% viscose. Perfect for all seasons. In spring and summer with T-shirts. In autumn and winter with soft jumpers, sweatshirts and leggings.<span class=\"Apple-converted-space\">\u00a0<\/span><\/p>\n<p>Perfect match with a Pink Flowers ribbon.<\/p>\n<p>&nbsp;<\/p>","protected":false},"excerpt":{"rendered":"<p>Sp\u00f3dniczka dzieci\u0119ca w kolorze r\u00f3\u017cowym, w delikatne kwiatuszki. Gumka w pasie. Uszyta w \u0141odzi, z hiszpa\u0144skiej tkaniny. Sk\u0142ad: 60% bawe\u0142na, 40% wiskoza. Idealna&hellip;<\/p>","protected":false},"featured_media":3067,"template":"","meta":[],"product_brand":[],"product_cat":[228],"product_tag":[],"class_list":{"0":"post-3154","1":"product","2":"type-product","3":"status-publish","4":"has-post-thumbnail","6":"product_cat-dzieci","8":"first","9":"instock","10":"shipping-taxable","11":"purchasable","12":"product-type-variable"},"_links":{"self":[{"href":"https:\/\/lazydaisy.eu\/en\/wp-json\/wp\/v2\/product\/3154","targetHints":{"allow":["GET"]}}],"collection":[{"href":"https:\/\/lazydaisy.eu\/en\/wp-json\/wp\/v2\/product"}],"about":[{"href":"https:\/\/lazydaisy.eu\/en\/wp-json\/wp\/v2\/types\/product"}],"wp:featuredmedia":[{"embeddable":true,"href":"https:\/\/lazydaisy.eu\/en\/wp-json\/wp\/v2\/media\/3067"}],"wp:attachment":[{"href":"https:\/\/lazydaisy.eu\/en\/wp-json\/wp\/v2\/media?parent=3154"}],"wp:term":[{"taxonomy":"product_brand","embeddable":true,"href":"https:\/\/lazydaisy.eu\/en\/wp-json\/wp\/v2\/product_brand?post=3154"},{"taxonomy":"product_cat","embeddable":true,"href":"https:\/\/lazydaisy.eu\/en\/wp-json\/wp\/v2\/product_cat?post=3154"},{"taxonomy":"product_tag","embeddable":true,"href":"https:\/\/lazydaisy.eu\/en\/wp-json\/wp\/v2\/product_tag?post=3154"}],"curies":[{"name":"wp","href":"https:\/\/api.w.org\/{rel}","templated":true}]}}