{"id":3155,"date":"2021-11-10T12:25:17","date_gmt":"2021-11-10T11:25:17","guid":{"rendered":"https:\/\/lazydaisy.eu\/?post_type=product&#038;p=3155"},"modified":"2025-02-19T12:22:09","modified_gmt":"2025-02-19T11:22:09","slug":"spodniczka-dziecieca-blue-flowers","status":"publish","type":"product","link":"https:\/\/lazydaisy.eu\/en\/product\/spodniczka-dziecieca-blue-flowers\/","title":{"rendered":"Blue Flowers skirt"},"content":{"rendered":"<p>Skirt for children. Blue with delicate colourful flowers. Elasticated frill waist. Sewn in Lodz. Made of soft Spanish fabric. Composition: 100% cotton. Blue Flowers skirt is light and floaty. It is very easy to iron. Perfect for spring and summer, but also for autumn and winter - it can be worn with warm tights and leggings.<span class=\"Apple-converted-space\">\u00a0<\/span><\/p>\n<p>Perfect match with a Blue Flowers <b>ribbon<\/b>.<\/p>\n<p>&nbsp;<\/p>","protected":false},"excerpt":{"rendered":"<p>Sp\u00f3dniczka dzieci\u0119ca niebieska w delikatne kwiatuszki. Gumka w pasie. Uszyta w \u0141odzi, z hiszpa\u0144skiej tkaniny. Sk\u0142ad: 100% bawe\u0142na. Sp\u00f3dniczka jest lekka i przewiewna,&hellip;<\/p>","protected":false},"featured_media":3114,"template":"","meta":[],"product_brand":[],"product_cat":[228],"product_tag":[],"class_list":{"0":"post-3155","1":"product","2":"type-product","3":"status-publish","4":"has-post-thumbnail","6":"product_cat-dzieci","8":"first","9":"instock","10":"shipping-taxable","11":"purchasable","12":"product-type-variable"},"_links":{"self":[{"href":"https:\/\/lazydaisy.eu\/en\/wp-json\/wp\/v2\/product\/3155","targetHints":{"allow":["GET"]}}],"collection":[{"href":"https:\/\/lazydaisy.eu\/en\/wp-json\/wp\/v2\/product"}],"about":[{"href":"https:\/\/lazydaisy.eu\/en\/wp-json\/wp\/v2\/types\/product"}],"wp:featuredmedia":[{"embeddable":true,"href":"https:\/\/lazydaisy.eu\/en\/wp-json\/wp\/v2\/media\/3114"}],"wp:attachment":[{"href":"https:\/\/lazydaisy.eu\/en\/wp-json\/wp\/v2\/media?parent=3155"}],"wp:term":[{"taxonomy":"product_brand","embeddable":true,"href":"https:\/\/lazydaisy.eu\/en\/wp-json\/wp\/v2\/product_brand?post=3155"},{"taxonomy":"product_cat","embeddable":true,"href":"https:\/\/lazydaisy.eu\/en\/wp-json\/wp\/v2\/product_cat?post=3155"},{"taxonomy":"product_tag","embeddable":true,"href":"https:\/\/lazydaisy.eu\/en\/wp-json\/wp\/v2\/product_tag?post=3155"}],"curies":[{"name":"wp","href":"https:\/\/api.w.org\/{rel}","templated":true}]}}