{"id":3156,"date":"2021-11-10T12:26:22","date_gmt":"2021-11-10T11:26:22","guid":{"rendered":"https:\/\/lazydaisy.eu\/?post_type=product&#038;p=3156"},"modified":"2026-04-17T08:10:41","modified_gmt":"2026-04-17T06:10:41","slug":"spodniczka-dziecieca-dark-blue-sea","status":"publish","type":"product","link":"https:\/\/lazydaisy.eu\/en\/product\/spodniczka-dziecieca-dark-blue-sea\/","title":{"rendered":"Dark Blue Sea skirt"},"content":{"rendered":"<p>Skirt for children. Navy blue with colourful flowers. Elasticated waist. Sewn in Lodz, Made of Dutch fabric. Composition: 100% viscose. Perfect for spring and summer - it is soft and floaty. In autumn and winter it can be worn with warm pullovers, sweatshirts and tights.<\/p>\n<p>&nbsp;<\/p>","protected":false},"excerpt":{"rendered":"<p>Sp\u00f3dniczka dzieci\u0119ca granatowa, w kolorowe kwiaty. Gumka w pasie. Uszyta w \u0141odzi, z holenderskiej tkaniny. Sk\u0142ad: 100% wiskoza. \u015awietnie sprawdza si\u0119 wiosn\u0105 i&hellip;<\/p>","protected":false},"featured_media":3122,"template":"","meta":[],"product_brand":[],"product_cat":[228],"product_tag":[],"class_list":{"0":"post-3156","1":"product","2":"type-product","3":"status-publish","4":"has-post-thumbnail","6":"product_cat-dzieci","8":"first","9":"instock","10":"shipping-taxable","11":"purchasable","12":"product-type-variable"},"_links":{"self":[{"href":"https:\/\/lazydaisy.eu\/en\/wp-json\/wp\/v2\/product\/3156","targetHints":{"allow":["GET"]}}],"collection":[{"href":"https:\/\/lazydaisy.eu\/en\/wp-json\/wp\/v2\/product"}],"about":[{"href":"https:\/\/lazydaisy.eu\/en\/wp-json\/wp\/v2\/types\/product"}],"wp:featuredmedia":[{"embeddable":true,"href":"https:\/\/lazydaisy.eu\/en\/wp-json\/wp\/v2\/media\/3122"}],"wp:attachment":[{"href":"https:\/\/lazydaisy.eu\/en\/wp-json\/wp\/v2\/media?parent=3156"}],"wp:term":[{"taxonomy":"product_brand","embeddable":true,"href":"https:\/\/lazydaisy.eu\/en\/wp-json\/wp\/v2\/product_brand?post=3156"},{"taxonomy":"product_cat","embeddable":true,"href":"https:\/\/lazydaisy.eu\/en\/wp-json\/wp\/v2\/product_cat?post=3156"},{"taxonomy":"product_tag","embeddable":true,"href":"https:\/\/lazydaisy.eu\/en\/wp-json\/wp\/v2\/product_tag?post=3156"}],"curies":[{"name":"wp","href":"https:\/\/api.w.org\/{rel}","templated":true}]}}