{"id":3160,"date":"2021-11-10T12:50:59","date_gmt":"2021-11-10T11:50:59","guid":{"rendered":"https:\/\/lazydaisy.eu\/?post_type=product&#038;p=3160"},"modified":"2025-06-09T14:00:14","modified_gmt":"2025-06-09T12:00:14","slug":"sukienka-dziecieca-listy-morning","status":"publish","type":"product","link":"https:\/\/lazydaisy.eu\/en\/product\/sukienka-dziecieca-listy-morning\/","title":{"rendered":"Misty Morning dress"},"content":{"rendered":"<p>Dress for children. Sea green with delicate golden dots. With lovely frills. Sewn in Lodz. Made of Spanish muslin.<\/p>\n<p>Soft and floaty - perfect for hot weather. Universal -  for causal wear, but at the same time ideal for special occassions. Subtle but impressive.<\/p>\n<p>Composition: 100% cotton<\/p>\n<p>Perfect match with Misty Morning scrunchie.<\/p>\n<p>NOTICE: Iron inside out - golden dots are delicate.<\/p>\n<p>&nbsp;<\/p>","protected":false},"excerpt":{"rendered":"<p>Sukienka dzieci\u0119ca Misty Morning, w kolorze zgaszonej zieleni, w delikatne z\u0142ote kropeczki. Sukieneczk\u0119 zdobi\u0105 romantyczne falbanki. Uszyta w \u0141odzi, z hiszpa\u0144skiego mu\u015blinu. Mi\u0119kka&hellip;<\/p>","protected":false},"featured_media":3105,"template":"","meta":[],"product_brand":[],"product_cat":[228],"product_tag":[],"class_list":{"0":"post-3160","1":"product","2":"type-product","3":"status-publish","4":"has-post-thumbnail","6":"product_cat-dzieci","8":"first","9":"instock","10":"shipping-taxable","11":"purchasable","12":"product-type-variable"},"_links":{"self":[{"href":"https:\/\/lazydaisy.eu\/en\/wp-json\/wp\/v2\/product\/3160","targetHints":{"allow":["GET"]}}],"collection":[{"href":"https:\/\/lazydaisy.eu\/en\/wp-json\/wp\/v2\/product"}],"about":[{"href":"https:\/\/lazydaisy.eu\/en\/wp-json\/wp\/v2\/types\/product"}],"wp:featuredmedia":[{"embeddable":true,"href":"https:\/\/lazydaisy.eu\/en\/wp-json\/wp\/v2\/media\/3105"}],"wp:attachment":[{"href":"https:\/\/lazydaisy.eu\/en\/wp-json\/wp\/v2\/media?parent=3160"}],"wp:term":[{"taxonomy":"product_brand","embeddable":true,"href":"https:\/\/lazydaisy.eu\/en\/wp-json\/wp\/v2\/product_brand?post=3160"},{"taxonomy":"product_cat","embeddable":true,"href":"https:\/\/lazydaisy.eu\/en\/wp-json\/wp\/v2\/product_cat?post=3160"},{"taxonomy":"product_tag","embeddable":true,"href":"https:\/\/lazydaisy.eu\/en\/wp-json\/wp\/v2\/product_tag?post=3160"}],"curies":[{"name":"wp","href":"https:\/\/api.w.org\/{rel}","templated":true}]}}