{"id":3161,"date":"2021-11-10T12:53:08","date_gmt":"2021-11-10T11:53:08","guid":{"rendered":"https:\/\/lazydaisy.eu\/?post_type=product&#038;p=3161"},"modified":"2026-03-04T21:28:31","modified_gmt":"2026-03-04T20:28:31","slug":"sukienka-dziecieca-indian-summer","status":"publish","type":"product","link":"https:\/\/lazydaisy.eu\/en\/product\/sukienka-dziecieca-indian-summer\/","title":{"rendered":"Indian Summer dress"},"content":{"rendered":"<p>Dress for children. Dusty pink with delicate golden dots. With lovely frills. Sewn in Lodz. Made of Spanish muslin.<span class=\"Apple-converted-space\">\u00a0<\/span><\/p>\n<p>Soft and floaty - perfect for hot weather. Universal -  for causal wear, but at the same time ideal for special occassions. Subtle but impressive.<\/p>\n<p>Composition: 100% cotton<span class=\"Apple-converted-space\">\u00a0<\/span><\/p>\n<p>Perfect match with Indian Summer scrunchie.<\/p>\n<p>NOTICE: Iron inside out - golden dots are delicate.<\/p>\n<p>&nbsp;<\/p>","protected":false},"excerpt":{"rendered":"<p>Sukienka dzieci\u0119ca Indian Summer, w kolorze purpurowego r\u00f3\u017cu, w delikatne z\u0142ote kropeczki. Sukieneczk\u0119 zdobi\u0105 romantyczne falbanki. Uszyta w \u0141odzi, z hiszpa\u0144skiego mu\u015blinu.\u00a0 Mi\u0119kka&hellip;<\/p>","protected":false},"featured_media":3111,"template":"","meta":[],"product_brand":[],"product_cat":[228],"product_tag":[],"class_list":{"0":"post-3161","1":"product","2":"type-product","3":"status-publish","4":"has-post-thumbnail","6":"product_cat-dzieci","8":"first","9":"instock","10":"shipping-taxable","11":"purchasable","12":"product-type-variable"},"_links":{"self":[{"href":"https:\/\/lazydaisy.eu\/en\/wp-json\/wp\/v2\/product\/3161","targetHints":{"allow":["GET"]}}],"collection":[{"href":"https:\/\/lazydaisy.eu\/en\/wp-json\/wp\/v2\/product"}],"about":[{"href":"https:\/\/lazydaisy.eu\/en\/wp-json\/wp\/v2\/types\/product"}],"wp:featuredmedia":[{"embeddable":true,"href":"https:\/\/lazydaisy.eu\/en\/wp-json\/wp\/v2\/media\/3111"}],"wp:attachment":[{"href":"https:\/\/lazydaisy.eu\/en\/wp-json\/wp\/v2\/media?parent=3161"}],"wp:term":[{"taxonomy":"product_brand","embeddable":true,"href":"https:\/\/lazydaisy.eu\/en\/wp-json\/wp\/v2\/product_brand?post=3161"},{"taxonomy":"product_cat","embeddable":true,"href":"https:\/\/lazydaisy.eu\/en\/wp-json\/wp\/v2\/product_cat?post=3161"},{"taxonomy":"product_tag","embeddable":true,"href":"https:\/\/lazydaisy.eu\/en\/wp-json\/wp\/v2\/product_tag?post=3161"}],"curies":[{"name":"wp","href":"https:\/\/api.w.org\/{rel}","templated":true}]}}