{"id":3162,"date":"2021-11-10T12:54:39","date_gmt":"2021-11-10T11:54:39","guid":{"rendered":"https:\/\/lazydaisy.eu\/?post_type=product&#038;p=3162"},"modified":"2025-04-22T14:08:15","modified_gmt":"2025-04-22T12:08:15","slug":"sukienka-dziecieca-summer-meadow","status":"publish","type":"product","link":"https:\/\/lazydaisy.eu\/en\/product\/sukienka-dziecieca-summer-meadow\/","title":{"rendered":"Summer Meadow dress"},"content":{"rendered":"<p>Dress for children. Beige with delicate green and red flowers.<span class=\"Apple-converted-space\">\u00a0<\/span><\/p>\n<p>Short sleeve with lovely frill. Buttons at the back. Sewn in Lodz. Made of English fabric.<\/p>\n<p>Ideal for spring and summer. Perfect for casual wear as well as for special occassions. Modest and beautiful.<span class=\"Apple-converted-space\">\u00a0<\/span><\/p>\n<p>Composition: 100% cotton<\/p>\n<p>Perfect match with a Moonlight Sky scrunchie.<\/p>\n<p>&nbsp;<\/p>","protected":false},"excerpt":{"rendered":"<p>Sukienka dzieci\u0119ca Summer Meadow, w kolorowe kwiatuszki.\u00a0 Sukieneczka ma kr\u00f3tki r\u0119kawek, ozdobiony falbank\u0105. Z ty\u0142u rozpinana jest na guziki. Uszyta w \u0141odzi, z&hellip;<\/p>","protected":false},"featured_media":3077,"template":"","meta":[],"product_brand":[],"product_cat":[228],"product_tag":[],"class_list":{"0":"post-3162","1":"product","2":"type-product","3":"status-publish","4":"has-post-thumbnail","6":"product_cat-dzieci","8":"first","9":"instock","10":"shipping-taxable","11":"purchasable","12":"product-type-variable"},"_links":{"self":[{"href":"https:\/\/lazydaisy.eu\/en\/wp-json\/wp\/v2\/product\/3162","targetHints":{"allow":["GET"]}}],"collection":[{"href":"https:\/\/lazydaisy.eu\/en\/wp-json\/wp\/v2\/product"}],"about":[{"href":"https:\/\/lazydaisy.eu\/en\/wp-json\/wp\/v2\/types\/product"}],"wp:featuredmedia":[{"embeddable":true,"href":"https:\/\/lazydaisy.eu\/en\/wp-json\/wp\/v2\/media\/3077"}],"wp:attachment":[{"href":"https:\/\/lazydaisy.eu\/en\/wp-json\/wp\/v2\/media?parent=3162"}],"wp:term":[{"taxonomy":"product_brand","embeddable":true,"href":"https:\/\/lazydaisy.eu\/en\/wp-json\/wp\/v2\/product_brand?post=3162"},{"taxonomy":"product_cat","embeddable":true,"href":"https:\/\/lazydaisy.eu\/en\/wp-json\/wp\/v2\/product_cat?post=3162"},{"taxonomy":"product_tag","embeddable":true,"href":"https:\/\/lazydaisy.eu\/en\/wp-json\/wp\/v2\/product_tag?post=3162"}],"curies":[{"name":"wp","href":"https:\/\/api.w.org\/{rel}","templated":true}]}}