{"id":3166,"date":"2021-11-10T12:59:19","date_gmt":"2021-11-10T11:59:19","guid":{"rendered":"https:\/\/lazydaisy.eu\/?post_type=product&#038;p=3166"},"modified":"2025-06-05T15:25:11","modified_gmt":"2025-06-05T13:25:11","slug":"spodniczka-dziecieca-roses-and-lemons","status":"publish","type":"product","link":"https:\/\/lazydaisy.eu\/en\/product\/spodniczka-dziecieca-roses-and-lemons\/","title":{"rendered":"Roses and Lemons skirt"},"content":{"rendered":"<p>Skirt for children. Black with pink, green and yellow flowers. Elasticated frill waist. Composition: 100% viscose. Perfect for all seasons. In spring and summer with T-shirts. In autumn and winter with soft jumpers, sweatshirts and leggings.<\/p>\n<p>&nbsp;<\/p>","protected":false},"excerpt":{"rendered":"<p>Sp\u00f3dniczka dzieci\u0119ca w r\u00f3\u017cowe i \u017c\u00f3\u0142te kwiatuszki. Gumka w pasie. Uszyta w \u0141odzi, z hiszpa\u0144skiej tkaniny. Sk\u0142ad: 100% wiskoza. Doskona\u0142a na wszystkie pory&hellip;<\/p>","protected":false},"featured_media":3095,"template":"","meta":[],"product_brand":[],"product_cat":[228],"product_tag":[],"class_list":{"0":"post-3166","1":"product","2":"type-product","3":"status-publish","4":"has-post-thumbnail","6":"product_cat-dzieci","8":"first","9":"instock","10":"shipping-taxable","11":"purchasable","12":"product-type-variable"},"_links":{"self":[{"href":"https:\/\/lazydaisy.eu\/en\/wp-json\/wp\/v2\/product\/3166","targetHints":{"allow":["GET"]}}],"collection":[{"href":"https:\/\/lazydaisy.eu\/en\/wp-json\/wp\/v2\/product"}],"about":[{"href":"https:\/\/lazydaisy.eu\/en\/wp-json\/wp\/v2\/types\/product"}],"wp:featuredmedia":[{"embeddable":true,"href":"https:\/\/lazydaisy.eu\/en\/wp-json\/wp\/v2\/media\/3095"}],"wp:attachment":[{"href":"https:\/\/lazydaisy.eu\/en\/wp-json\/wp\/v2\/media?parent=3166"}],"wp:term":[{"taxonomy":"product_brand","embeddable":true,"href":"https:\/\/lazydaisy.eu\/en\/wp-json\/wp\/v2\/product_brand?post=3166"},{"taxonomy":"product_cat","embeddable":true,"href":"https:\/\/lazydaisy.eu\/en\/wp-json\/wp\/v2\/product_cat?post=3166"},{"taxonomy":"product_tag","embeddable":true,"href":"https:\/\/lazydaisy.eu\/en\/wp-json\/wp\/v2\/product_tag?post=3166"}],"curies":[{"name":"wp","href":"https:\/\/api.w.org\/{rel}","templated":true}]}}