{"id":3329,"date":"2021-11-18T16:14:36","date_gmt":"2021-11-18T15:14:36","guid":{"rendered":"https:\/\/lazydaisy.eu\/?post_type=product&#038;p=3329"},"modified":"2024-01-22T16:25:11","modified_gmt":"2024-01-22T15:25:11","slug":"spodniczka-dziecieca-cinnamon-roll","status":"publish","type":"product","link":"https:\/\/lazydaisy.eu\/en\/product\/spodniczka-dziecieca-cinnamon-roll\/","title":{"rendered":"Cinnamon Roll skirt"},"content":{"rendered":"<p>Skirt for children. Cinnammon colour with white dots. Elasticated frill waist. Sewn in Lodz. Made of high quality Spanish fabric. Composition: 55% linen, 45% cotton.<span class=\"Apple-converted-space\">\u00a0 <\/span>Perfect for all seasons. It can be worn with casual T-shirts as well as more elegant blouses.<\/p>\n<p>&nbsp;<\/p>","protected":false},"excerpt":{"rendered":"<p>Sp\u00f3dniczka dzieci\u0119ca w kolorze cynamonowym, w kropki. Gumka w pasie. Uszyta w \u0141odzi, z hiszpa\u0144skiej tkaniny. Sk\u0142ad: 55% len, 45% bawe\u0142na.\u00a0 Idealna na&hellip;<\/p>","protected":false},"featured_media":0,"template":"","meta":[],"product_brand":[],"product_cat":[241,228],"product_tag":[],"class_list":{"0":"post-3329","1":"product","2":"type-product","3":"status-publish","5":"product_cat-ostatnie-sztuki","6":"product_cat-dzieci","8":"first","9":"instock","10":"shipping-taxable","11":"purchasable","12":"product-type-variable"},"_links":{"self":[{"href":"https:\/\/lazydaisy.eu\/en\/wp-json\/wp\/v2\/product\/3329","targetHints":{"allow":["GET"]}}],"collection":[{"href":"https:\/\/lazydaisy.eu\/en\/wp-json\/wp\/v2\/product"}],"about":[{"href":"https:\/\/lazydaisy.eu\/en\/wp-json\/wp\/v2\/types\/product"}],"wp:attachment":[{"href":"https:\/\/lazydaisy.eu\/en\/wp-json\/wp\/v2\/media?parent=3329"}],"wp:term":[{"taxonomy":"product_brand","embeddable":true,"href":"https:\/\/lazydaisy.eu\/en\/wp-json\/wp\/v2\/product_brand?post=3329"},{"taxonomy":"product_cat","embeddable":true,"href":"https:\/\/lazydaisy.eu\/en\/wp-json\/wp\/v2\/product_cat?post=3329"},{"taxonomy":"product_tag","embeddable":true,"href":"https:\/\/lazydaisy.eu\/en\/wp-json\/wp\/v2\/product_tag?post=3329"}],"curies":[{"name":"wp","href":"https:\/\/api.w.org\/{rel}","templated":true}]}}