{"id":3348,"date":"2021-11-18T16:35:16","date_gmt":"2021-11-18T15:35:16","guid":{"rendered":"https:\/\/lazydaisy.eu\/?post_type=product&#038;p=3348"},"modified":"2022-11-22T20:26:55","modified_gmt":"2022-11-22T19:26:55","slug":"sukienka-dziecieca-gold-dots","status":"publish","type":"product","link":"https:\/\/lazydaisy.eu\/en\/product\/sukienka-dziecieca-gold-dots\/","title":{"rendered":"Gold Dots dress"},"content":{"rendered":"<p>Jersey dress for children. Pale pink with golden dots. Sewn in Lodz. Made of high quality soft jersey. Composition: 95% cotton, 5% elastane. Perfect for autumn and winter. Ideal for casual wear as well as for more formal occassions. <span class=\"Apple-converted-space\">\u00a0<\/span><\/p>\n<p>&nbsp;<\/p>","protected":false},"excerpt":{"rendered":"<p>Sukienka dzieci\u0119ca dzianinowa, w kolorze blador\u00f3\u017cowym, w z\u0142ote kropki. Uszyta w \u0141odzi, z wysokiej jako\u015bci dzianiny. Sk\u0142ad: 95% bawe\u0142na, 5% elastan. Idealna na&hellip;<\/p>","protected":false},"featured_media":3353,"template":"","meta":[],"product_brand":[],"product_cat":[241,228],"product_tag":[],"class_list":{"0":"post-3348","1":"product","2":"type-product","3":"status-publish","4":"has-post-thumbnail","6":"product_cat-ostatnie-sztuki","7":"product_cat-dzieci","9":"first","10":"instock","11":"shipping-taxable","12":"purchasable","13":"product-type-variable"},"_links":{"self":[{"href":"https:\/\/lazydaisy.eu\/en\/wp-json\/wp\/v2\/product\/3348","targetHints":{"allow":["GET"]}}],"collection":[{"href":"https:\/\/lazydaisy.eu\/en\/wp-json\/wp\/v2\/product"}],"about":[{"href":"https:\/\/lazydaisy.eu\/en\/wp-json\/wp\/v2\/types\/product"}],"wp:featuredmedia":[{"embeddable":true,"href":"https:\/\/lazydaisy.eu\/en\/wp-json\/wp\/v2\/media\/3353"}],"wp:attachment":[{"href":"https:\/\/lazydaisy.eu\/en\/wp-json\/wp\/v2\/media?parent=3348"}],"wp:term":[{"taxonomy":"product_brand","embeddable":true,"href":"https:\/\/lazydaisy.eu\/en\/wp-json\/wp\/v2\/product_brand?post=3348"},{"taxonomy":"product_cat","embeddable":true,"href":"https:\/\/lazydaisy.eu\/en\/wp-json\/wp\/v2\/product_cat?post=3348"},{"taxonomy":"product_tag","embeddable":true,"href":"https:\/\/lazydaisy.eu\/en\/wp-json\/wp\/v2\/product_tag?post=3348"}],"curies":[{"name":"wp","href":"https:\/\/api.w.org\/{rel}","templated":true}]}}