{"id":3361,"date":"2021-11-18T16:47:19","date_gmt":"2021-11-18T15:47:19","guid":{"rendered":"https:\/\/lazydaisy.eu\/?post_type=product&#038;p=3361"},"modified":"2025-05-03T08:36:52","modified_gmt":"2025-05-03T06:36:52","slug":"sukienka-dziecieca-fall-fox","status":"publish","type":"product","link":"https:\/\/lazydaisy.eu\/en\/product\/sukienka-dziecieca-fall-fox\/","title":{"rendered":"Fall Fox dress"},"content":{"rendered":"<p>Jersey dress for children. Green with little foxes. Sewn in Lodz. Made of high quality soft jersey. Composition: 95% cotton, 5% elastane.<span class=\"Apple-converted-space\">\u00a0 <\/span>Perfect for autumn and winter. Ideal for casual wear as well as for more formal occassions.<span class=\"Apple-converted-space\">\u00a0<\/span><\/p>\n<p>&nbsp;<\/p>","protected":false},"excerpt":{"rendered":"<p>Sukienka dzianinowa w kolorze zielonym, w liski. Uszyta w \u0141odzi, w wysokiej jako\u015bci dzianiny. Sk\u0142ad: 95% bawe\u0142na, 5% elastan.\u00a0 Idealna na jesie\u0144 i&hellip;<\/p>","protected":false},"featured_media":3368,"template":"","meta":[],"product_brand":[],"product_cat":[241,228],"product_tag":[],"class_list":{"0":"post-3361","1":"product","2":"type-product","3":"status-publish","4":"has-post-thumbnail","6":"product_cat-ostatnie-sztuki","7":"product_cat-dzieci","9":"first","10":"instock","11":"shipping-taxable","12":"purchasable","13":"product-type-variable"},"_links":{"self":[{"href":"https:\/\/lazydaisy.eu\/en\/wp-json\/wp\/v2\/product\/3361","targetHints":{"allow":["GET"]}}],"collection":[{"href":"https:\/\/lazydaisy.eu\/en\/wp-json\/wp\/v2\/product"}],"about":[{"href":"https:\/\/lazydaisy.eu\/en\/wp-json\/wp\/v2\/types\/product"}],"wp:featuredmedia":[{"embeddable":true,"href":"https:\/\/lazydaisy.eu\/en\/wp-json\/wp\/v2\/media\/3368"}],"wp:attachment":[{"href":"https:\/\/lazydaisy.eu\/en\/wp-json\/wp\/v2\/media?parent=3361"}],"wp:term":[{"taxonomy":"product_brand","embeddable":true,"href":"https:\/\/lazydaisy.eu\/en\/wp-json\/wp\/v2\/product_brand?post=3361"},{"taxonomy":"product_cat","embeddable":true,"href":"https:\/\/lazydaisy.eu\/en\/wp-json\/wp\/v2\/product_cat?post=3361"},{"taxonomy":"product_tag","embeddable":true,"href":"https:\/\/lazydaisy.eu\/en\/wp-json\/wp\/v2\/product_tag?post=3361"}],"curies":[{"name":"wp","href":"https:\/\/api.w.org\/{rel}","templated":true}]}}