{"id":3376,"date":"2021-11-18T17:07:14","date_gmt":"2021-11-18T16:07:14","guid":{"rendered":"https:\/\/lazydaisy.eu\/?post_type=product&#038;p=3376"},"modified":"2024-11-25T18:58:43","modified_gmt":"2024-11-25T17:58:43","slug":"scrunchie","status":"publish","type":"product","link":"https:\/\/lazydaisy.eu\/en\/product\/scrunchie\/","title":{"rendered":"Scrunchie"},"content":{"rendered":"<p>Gumka typu scrunchie dost\u0119pna w r\u00f3\u017cnych wersjach kolorystycznych.<strong><span class=\"Apple-converted-space\"> Wz\u00f3r wysy\u0142any losowo.<\/span><\/strong><\/p>\n<p>Gumki typu scrunchie uszyte s\u0105 z tych samych tkanin, co nasze sp\u00f3dniczki.<\/p>","protected":false},"excerpt":{"rendered":"<p>Gumka typu scrunchie dost\u0119pna w r\u00f3\u017cnych wersjach kolorystycznych. Wz\u00f3r wysy\u0142any losowo. Gumki typu scrunchie uszyte s\u0105 z tych samych tkanin, co nasze sp\u00f3dniczki.<\/p>","protected":false},"featured_media":3398,"template":"","meta":[],"product_brand":[],"product_cat":[210,228],"product_tag":[],"class_list":{"0":"post-3376","1":"product","2":"type-product","3":"status-publish","4":"has-post-thumbnail","6":"product_cat-dla-kobiet","7":"product_cat-dzieci","9":"first","10":"outofstock","11":"shipping-taxable","12":"purchasable","13":"product-type-simple"},"_links":{"self":[{"href":"https:\/\/lazydaisy.eu\/en\/wp-json\/wp\/v2\/product\/3376","targetHints":{"allow":["GET"]}}],"collection":[{"href":"https:\/\/lazydaisy.eu\/en\/wp-json\/wp\/v2\/product"}],"about":[{"href":"https:\/\/lazydaisy.eu\/en\/wp-json\/wp\/v2\/types\/product"}],"wp:featuredmedia":[{"embeddable":true,"href":"https:\/\/lazydaisy.eu\/en\/wp-json\/wp\/v2\/media\/3398"}],"wp:attachment":[{"href":"https:\/\/lazydaisy.eu\/en\/wp-json\/wp\/v2\/media?parent=3376"}],"wp:term":[{"taxonomy":"product_brand","embeddable":true,"href":"https:\/\/lazydaisy.eu\/en\/wp-json\/wp\/v2\/product_brand?post=3376"},{"taxonomy":"product_cat","embeddable":true,"href":"https:\/\/lazydaisy.eu\/en\/wp-json\/wp\/v2\/product_cat?post=3376"},{"taxonomy":"product_tag","embeddable":true,"href":"https:\/\/lazydaisy.eu\/en\/wp-json\/wp\/v2\/product_tag?post=3376"}],"curies":[{"name":"wp","href":"https:\/\/api.w.org\/{rel}","templated":true}]}}