{"id":4458,"date":"2023-05-24T16:43:33","date_gmt":"2023-05-24T14:43:33","guid":{"rendered":"https:\/\/lazydaisy.eu\/?post_type=product&#038;p=4458"},"modified":"2025-03-14T07:01:25","modified_gmt":"2025-03-14T06:01:25","slug":"nowosc-spodniczka-dziecieca-green-sea-flowers","status":"publish","type":"product","link":"https:\/\/lazydaisy.eu\/en\/product\/nowosc-spodniczka-dziecieca-green-sea-flowers\/","title":{"rendered":"Green Sea Flowers skirt"},"content":{"rendered":"<p>Skirt for children. Sea green with yellow and brown flowers. Elasticated frill waist. Sewn in Lodz. Made of soft Dutch fabric.<\/p>\n<p>Composition: 100% viscose<\/p>\n<p>Perfect for all seasons. In spring and summer you can wear it with T-shirts; in autumn and winter with warm jumpers, hoodies and leggings.<\/p>\n<p>&nbsp;<\/p>\n<p>*NOTICE: the colours in the photo may differ from reality; they depend on individual settings of the computer screen.<\/p>","protected":false},"excerpt":{"rendered":"<p>Sp\u00f3dniczka dzieci\u0119ca w kolorze morskim zielonym, w \u017c\u00f3\u0142te kwiaty. Gumka w pasie. Uszyta w \u0141odzi, z holenderskiej tkaniny. Sk\u0142ad: 100% wiskoza. Doskona\u0142a na&hellip;<\/p>","protected":false},"featured_media":4459,"template":"","meta":[],"product_brand":[],"product_cat":[228],"product_tag":[],"class_list":{"0":"post-4458","1":"product","2":"type-product","3":"status-publish","4":"has-post-thumbnail","6":"product_cat-dzieci","8":"first","9":"instock","10":"shipping-taxable","11":"purchasable","12":"product-type-variable"},"_links":{"self":[{"href":"https:\/\/lazydaisy.eu\/en\/wp-json\/wp\/v2\/product\/4458","targetHints":{"allow":["GET"]}}],"collection":[{"href":"https:\/\/lazydaisy.eu\/en\/wp-json\/wp\/v2\/product"}],"about":[{"href":"https:\/\/lazydaisy.eu\/en\/wp-json\/wp\/v2\/types\/product"}],"wp:featuredmedia":[{"embeddable":true,"href":"https:\/\/lazydaisy.eu\/en\/wp-json\/wp\/v2\/media\/4459"}],"wp:attachment":[{"href":"https:\/\/lazydaisy.eu\/en\/wp-json\/wp\/v2\/media?parent=4458"}],"wp:term":[{"taxonomy":"product_brand","embeddable":true,"href":"https:\/\/lazydaisy.eu\/en\/wp-json\/wp\/v2\/product_brand?post=4458"},{"taxonomy":"product_cat","embeddable":true,"href":"https:\/\/lazydaisy.eu\/en\/wp-json\/wp\/v2\/product_cat?post=4458"},{"taxonomy":"product_tag","embeddable":true,"href":"https:\/\/lazydaisy.eu\/en\/wp-json\/wp\/v2\/product_tag?post=4458"}],"curies":[{"name":"wp","href":"https:\/\/api.w.org\/{rel}","templated":true}]}}