{"id":4720,"date":"2023-12-15T15:59:11","date_gmt":"2023-12-15T14:59:11","guid":{"rendered":"https:\/\/lazydaisy.eu\/?post_type=product&#038;p=4720"},"modified":"2024-07-14T16:07:37","modified_gmt":"2024-07-14T14:07:37","slug":"spodnica-damska-z-kieszeniami-pinky-promise","status":"publish","type":"product","link":"https:\/\/lazydaisy.eu\/en\/product\/spodnica-damska-z-kieszeniami-pinky-promise\/","title":{"rendered":"Sp\u00f3dnica damska z kieszeniami Pinky Promise"},"content":{"rendered":"<p>Skirt with pockets. Pink with delicate flowers. Elasticated waist. Sewn in Lodz. Made of soft Dutch fabric.<\/p>\n<p>Composition: 100% viscose<\/p>\n<p>Perfect for all seasons. In spring and summer you can wear it with T-shirts; in autumn and winter with warm jumpers and tights.<\/p>\n<p>This skirt is also available without pockets.\nCheck here:<\/p>\n<p><a href=\"https:\/\/lazydaisy.eu\/en\/product\/spodnica-damska-pinky-promise\/\">https:\/\/lazydaisy.eu\/produkt\/spodnica-damska-pinky-promise\/<\/a><\/p>\n<p style=\"text-align: center;\">SIZE TABLE<\/p>\n<table cellspacing=\"0\" cellpadding=\"0\">\n<tbody>\n<tr>\n<td valign=\"top\">XS\/S<\/td>\n<td valign=\"top\">M\/L<\/td>\n<\/tr>\n<tr>\n<td valign=\"top\">Length: 55 cm<\/p>\n<p>Waist: 66 cm<\/td>\n<td valign=\"top\">Length: 65 cm<\/p>\n<p>Waist: 76 cm<\/td>\n<\/tr>\n<\/tbody>\n<\/table>\n<p>*NOTICE: the colours in the photo may differ from reality; they depend on individual settings of the computer screen.<\/p>","protected":false},"excerpt":{"rendered":"<p>Sp\u00f3dnica damska Z KIESZENIAMI; w kolorze zgaszonego r\u00f3\u017cu, w delikatne kwiatuszki. Gumka w pasie. Uszyta w \u0141odzi, z holenderskiej tkaniny. Sk\u0142ad: 100% wiskoza&hellip;<\/p>","protected":false},"featured_media":4775,"template":"","meta":[],"product_brand":[],"product_cat":[210],"product_tag":[],"class_list":{"0":"post-4720","1":"product","2":"type-product","3":"status-publish","4":"has-post-thumbnail","6":"product_cat-dla-kobiet","8":"first","9":"outofstock","10":"featured","11":"shipping-taxable","12":"purchasable","13":"product-type-variable"},"_links":{"self":[{"href":"https:\/\/lazydaisy.eu\/en\/wp-json\/wp\/v2\/product\/4720","targetHints":{"allow":["GET"]}}],"collection":[{"href":"https:\/\/lazydaisy.eu\/en\/wp-json\/wp\/v2\/product"}],"about":[{"href":"https:\/\/lazydaisy.eu\/en\/wp-json\/wp\/v2\/types\/product"}],"wp:featuredmedia":[{"embeddable":true,"href":"https:\/\/lazydaisy.eu\/en\/wp-json\/wp\/v2\/media\/4775"}],"wp:attachment":[{"href":"https:\/\/lazydaisy.eu\/en\/wp-json\/wp\/v2\/media?parent=4720"}],"wp:term":[{"taxonomy":"product_brand","embeddable":true,"href":"https:\/\/lazydaisy.eu\/en\/wp-json\/wp\/v2\/product_brand?post=4720"},{"taxonomy":"product_cat","embeddable":true,"href":"https:\/\/lazydaisy.eu\/en\/wp-json\/wp\/v2\/product_cat?post=4720"},{"taxonomy":"product_tag","embeddable":true,"href":"https:\/\/lazydaisy.eu\/en\/wp-json\/wp\/v2\/product_tag?post=4720"}],"curies":[{"name":"wp","href":"https:\/\/api.w.org\/{rel}","templated":true}]}}