{"id":4733,"date":"2023-12-15T16:24:53","date_gmt":"2023-12-15T15:24:53","guid":{"rendered":"https:\/\/lazydaisy.eu\/?post_type=product&#038;p=4733"},"modified":"2024-12-01T15:54:25","modified_gmt":"2024-12-01T14:54:25","slug":"spodnica-damska-retro-vibe","status":"publish","type":"product","link":"https:\/\/lazydaisy.eu\/en\/product\/spodnica-damska-retro-vibe\/","title":{"rendered":"Sp\u00f3dnica damska z kieszeniami Retro Vibe"},"content":{"rendered":"<p>Skirt with pockets. Black with subtle colourful flowers. Elasticated waist. Sewn in Lodz. Made of soft Dutch fabric.<\/p>\n<p>Composition: 100% viscose<\/p>\n<p>Perfect for spring and summer - it is soft and delicate. In autumn and winter you can wear it with warm tights and comfortable boots.<\/p>\n<p>SIZE TABLE<\/p>\n<table cellspacing=\"0\" cellpadding=\"0\">\n<tbody>\n<tr>\n<td valign=\"top\">XS\/S<\/td>\n<td valign=\"top\">M\/L<\/td>\n<\/tr>\n<tr>\n<td valign=\"top\">Length: 55 cm<\/p>\n<p>Waist: 66 cm<\/td>\n<td valign=\"top\">Length: 65 cm<\/p>\n<p>Waist: 76 cm<\/td>\n<\/tr>\n<\/tbody>\n<\/table>\n<p>*NOTICE: the colours in the photo may differ from reality; they depend on individual settings of the computer screen.<\/p>","protected":false},"excerpt":{"rendered":"<p>Sp\u00f3dnica damska z KIESZENIAMI; czarna w delikatne, kolorowe kwiatuszki. Gumka w pasie. Uszyta w \u0141odzi, z holenderskiej tkaniny. Sk\u0142ad: 100% wiskoza \u015awietnie sprawdzi&hellip;<\/p>","protected":false},"featured_media":4802,"template":"","meta":[],"product_brand":[],"product_cat":[210],"product_tag":[],"class_list":{"0":"post-4733","1":"product","2":"type-product","3":"status-publish","4":"has-post-thumbnail","6":"product_cat-dla-kobiet","8":"first","9":"outofstock","10":"shipping-taxable","11":"purchasable","12":"product-type-variable"},"_links":{"self":[{"href":"https:\/\/lazydaisy.eu\/en\/wp-json\/wp\/v2\/product\/4733","targetHints":{"allow":["GET"]}}],"collection":[{"href":"https:\/\/lazydaisy.eu\/en\/wp-json\/wp\/v2\/product"}],"about":[{"href":"https:\/\/lazydaisy.eu\/en\/wp-json\/wp\/v2\/types\/product"}],"wp:featuredmedia":[{"embeddable":true,"href":"https:\/\/lazydaisy.eu\/en\/wp-json\/wp\/v2\/media\/4802"}],"wp:attachment":[{"href":"https:\/\/lazydaisy.eu\/en\/wp-json\/wp\/v2\/media?parent=4733"}],"wp:term":[{"taxonomy":"product_brand","embeddable":true,"href":"https:\/\/lazydaisy.eu\/en\/wp-json\/wp\/v2\/product_brand?post=4733"},{"taxonomy":"product_cat","embeddable":true,"href":"https:\/\/lazydaisy.eu\/en\/wp-json\/wp\/v2\/product_cat?post=4733"},{"taxonomy":"product_tag","embeddable":true,"href":"https:\/\/lazydaisy.eu\/en\/wp-json\/wp\/v2\/product_tag?post=4733"}],"curies":[{"name":"wp","href":"https:\/\/api.w.org\/{rel}","templated":true}]}}