{"id":4739,"date":"2023-12-15T16:37:13","date_gmt":"2023-12-15T15:37:13","guid":{"rendered":"https:\/\/lazydaisy.eu\/?post_type=product&#038;p=4739"},"modified":"2024-07-19T07:55:21","modified_gmt":"2024-07-19T05:55:21","slug":"nowosc-spodnica-damska-z-kieszeniami-navy-chin","status":"publish","type":"product","link":"https:\/\/lazydaisy.eu\/en\/product\/nowosc-spodnica-damska-z-kieszeniami-navy-chin\/","title":{"rendered":"Sp\u00f3dnica damska z kieszeniami Navy Chic"},"content":{"rendered":"<p>Skirt with pockets. Navy blue with brown and cream flowers. Elasticated waist. Sewn in Lodz. Made of soft Dutch fabric.<\/p>\n<p>Composition: 97% viscose 3% elastane<\/p>\n<p>Perfect for all seasons. In autumn and winter wear it with warm jumpers and tights; in spring and summer with T-shirts.<\/p>\n<p style=\"text-align: center;\">SIZE TABLE<\/p>\n<table cellspacing=\"0\" cellpadding=\"0\">\n<tbody>\n<tr>\n<td valign=\"top\">XS\/S<\/td>\n<td valign=\"top\">M\/L<\/td>\n<\/tr>\n<tr>\n<td valign=\"top\">Length: 55 cm<\/p>\n<p>Waist: 66 cm<\/td>\n<td valign=\"top\">Length: 65 cm<\/p>\n<p>Waist: 76 cm<\/td>\n<\/tr>\n<\/tbody>\n<\/table>\n<p>*NOTICE: the colours in the photo may differ from reality; they depend on individual settings of the computer screen.<\/p>","protected":false},"excerpt":{"rendered":"<p>Sp\u00f3dnica damska Z KIESZENIAMI; granatowa w br\u0105zowe i kremowe kwiaty. Gumka w pasie. Uszyta w \u0141odzi, z holenderskiej tkaniny. Sk\u0142ad: 97% wiskoza 3%&hellip;<\/p>","protected":false},"featured_media":4810,"template":"","meta":[],"product_brand":[],"product_cat":[210],"product_tag":[],"class_list":{"0":"post-4739","1":"product","2":"type-product","3":"status-publish","4":"has-post-thumbnail","6":"product_cat-dla-kobiet","8":"first","9":"outofstock","10":"featured","11":"shipping-taxable","12":"purchasable","13":"product-type-variable"},"_links":{"self":[{"href":"https:\/\/lazydaisy.eu\/en\/wp-json\/wp\/v2\/product\/4739","targetHints":{"allow":["GET"]}}],"collection":[{"href":"https:\/\/lazydaisy.eu\/en\/wp-json\/wp\/v2\/product"}],"about":[{"href":"https:\/\/lazydaisy.eu\/en\/wp-json\/wp\/v2\/types\/product"}],"wp:featuredmedia":[{"embeddable":true,"href":"https:\/\/lazydaisy.eu\/en\/wp-json\/wp\/v2\/media\/4810"}],"wp:attachment":[{"href":"https:\/\/lazydaisy.eu\/en\/wp-json\/wp\/v2\/media?parent=4739"}],"wp:term":[{"taxonomy":"product_brand","embeddable":true,"href":"https:\/\/lazydaisy.eu\/en\/wp-json\/wp\/v2\/product_brand?post=4739"},{"taxonomy":"product_cat","embeddable":true,"href":"https:\/\/lazydaisy.eu\/en\/wp-json\/wp\/v2\/product_cat?post=4739"},{"taxonomy":"product_tag","embeddable":true,"href":"https:\/\/lazydaisy.eu\/en\/wp-json\/wp\/v2\/product_tag?post=4739"}],"curies":[{"name":"wp","href":"https:\/\/api.w.org\/{rel}","templated":true}]}}