{"id":4742,"date":"2023-12-15T16:36:24","date_gmt":"2023-12-15T15:36:24","guid":{"rendered":"https:\/\/lazydaisy.eu\/?post_type=product&#038;p=4742"},"modified":"2026-01-14T11:43:49","modified_gmt":"2026-01-14T10:43:49","slug":"nowosc-spodnica-damska-z-kieszeniami-warm-violet","status":"publish","type":"product","link":"https:\/\/lazydaisy.eu\/en\/product\/nowosc-spodnica-damska-z-kieszeniami-warm-violet\/","title":{"rendered":"Sp\u00f3dnica damska z kieszeniami Warm Violet"},"content":{"rendered":"<p>Skirt with pockets. Shades of purple, blue and black. Elasticated waist. Sewn in Lodz. Made of Spanish fabric.<\/p>\n<p>Composition: 100% viscose<\/p>\n<p>Perfect especially for autumn and winter thanks to <strong>soft and thick<\/strong> fabric. You can wear it with jumpers, cardigans and boots. During spring and summer pair it with trainers and a T-shirt.<\/p>\n<p style=\"text-align: center;\">SIZE TABLE<\/p>\n<table cellspacing=\"0\" cellpadding=\"0\">\n<tbody>\n<tr>\n<td valign=\"top\">XS\/S<\/td>\n<td valign=\"top\">M\/L<\/td>\n<\/tr>\n<tr>\n<td valign=\"top\">Length: 55 cm<\/p>\n<p>Waist: 66 cm<\/td>\n<td valign=\"top\">Length: 65 cm<\/p>\n<p>Waist: 76 cm<\/td>\n<\/tr>\n<\/tbody>\n<\/table>\n<p>*NOTICE: the colours in the photo may differ from reality; they depend on individual settings of the computer screen.<\/p>","protected":false},"excerpt":{"rendered":"<p>Sp\u00f3dnica damska Z KIESZENIAMI; w odcieniach fioletu, b\u0142\u0119kitu i czerni. Gumka w pasie. Uszyta w \u0141odzi, z hiszpa\u0144skiej tkaniny. Sk\u0142ad: 100% wiskoza Doskona\u0142a&hellip;<\/p>","protected":false},"featured_media":4786,"template":"","meta":[],"product_brand":[],"product_cat":[210],"product_tag":[],"class_list":{"0":"post-4742","1":"product","2":"type-product","3":"status-publish","4":"has-post-thumbnail","6":"product_cat-dla-kobiet","8":"first","9":"outofstock","10":"shipping-taxable","11":"purchasable","12":"product-type-variable"},"_links":{"self":[{"href":"https:\/\/lazydaisy.eu\/en\/wp-json\/wp\/v2\/product\/4742","targetHints":{"allow":["GET"]}}],"collection":[{"href":"https:\/\/lazydaisy.eu\/en\/wp-json\/wp\/v2\/product"}],"about":[{"href":"https:\/\/lazydaisy.eu\/en\/wp-json\/wp\/v2\/types\/product"}],"wp:featuredmedia":[{"embeddable":true,"href":"https:\/\/lazydaisy.eu\/en\/wp-json\/wp\/v2\/media\/4786"}],"wp:attachment":[{"href":"https:\/\/lazydaisy.eu\/en\/wp-json\/wp\/v2\/media?parent=4742"}],"wp:term":[{"taxonomy":"product_brand","embeddable":true,"href":"https:\/\/lazydaisy.eu\/en\/wp-json\/wp\/v2\/product_brand?post=4742"},{"taxonomy":"product_cat","embeddable":true,"href":"https:\/\/lazydaisy.eu\/en\/wp-json\/wp\/v2\/product_cat?post=4742"},{"taxonomy":"product_tag","embeddable":true,"href":"https:\/\/lazydaisy.eu\/en\/wp-json\/wp\/v2\/product_tag?post=4742"}],"curies":[{"name":"wp","href":"https:\/\/api.w.org\/{rel}","templated":true}]}}